{"id":92,"date":"2021-03-26T08:55:17","date_gmt":"2021-03-26T07:55:17","guid":{"rendered":"http:\/\/532983.test-my-website.de\/?page_id=92"},"modified":"2022-08-10T02:39:15","modified_gmt":"2022-08-10T00:39:15","slug":"ueber-uns","status":"publish","type":"page","link":"https:\/\/tattoo-go.de\/?page_id=92","title":{"rendered":"TattooGO"},"content":{"rendered":"\n<figure class=\"wp-block-image size-large\"><img loading=\"lazy\" decoding=\"async\" width=\"768\" height=\"1024\" src=\"https:\/\/tattoo-go.de\/wp-content\/uploads\/2021\/03\/98c1dfbd-e43c-4003-8ef9-04c486faa375-768x1024.jpg\" alt=\"\" class=\"wp-image-172\" srcset=\"https:\/\/tattoo-go.de\/wp-content\/uploads\/2021\/03\/98c1dfbd-e43c-4003-8ef9-04c486faa375-768x1024.jpg 768w, https:\/\/tattoo-go.de\/wp-content\/uploads\/2021\/03\/98c1dfbd-e43c-4003-8ef9-04c486faa375-225x300.jpg 225w, https:\/\/tattoo-go.de\/wp-content\/uploads\/2021\/03\/98c1dfbd-e43c-4003-8ef9-04c486faa375-1152x1536.jpg 1152w, https:\/\/tattoo-go.de\/wp-content\/uploads\/2021\/03\/98c1dfbd-e43c-4003-8ef9-04c486faa375.jpg 1200w\" sizes=\"auto, (max-width: 768px) 100vw, 768px\" \/><\/figure>\n\n\n\n<p><strong>T\u00e4towierer<\/strong> <strong>Micha<\/strong><\/p>\n\n\n\n<p>Seit 2014 arbeite ich als T\u00e4towierer. Zu dem Tattoo-Beruf habe ich eine abgeschlossene Ausbildung als Grafiker &#8211; Schwerpunkt Menschen und Portr\u00e4ts, daher sind sogar die kompliziertesten Tattoos f\u00fcr mich ein Kinderspiel.<\/p>\n\n\n\n<p>Eine individuelle Skizze mit meinem Style oder eine Kopie wird von mir mit gr\u00f6\u00dfter Genauigkeit ausgef\u00fchrt.<\/p>\n\n\n\n<hr class=\"wp-block-separator has-css-opacity is-style-wide\"\/>\n\n\n\n<h1 class=\"wp-block-heading\">Etwas <strong>\u00fcber Uns<\/strong><\/h1>\n\n\n\n<p>Hallo,<\/p>\n\n\n\n<p>und ich erz\u00e4hle dir etwas \u00fcber TattooGO.<\/p>\n\n\n\n<p>Nach langer \u00dcberlegung habe ich mich entschlossen 2017 TattooGO zu gr\u00fcnden.<\/p>\n\n\n\n<p>Da ich meinen Kunden etwas anderes bieten wollte, habe ich mich entschieden ein mobiles Tattoo-Studio zu gr\u00fcnden und 2018 war es dann so weit.<\/p>\n\n\n\n<p>Meine pers\u00f6nliche \u00dcberzeugung ist, dass jeder Kunde von mir mit meinem Service zufrieden sein soll. Aber manchmal ist es schwieriger als man denkt.<\/p>\n\n\n\n<p>Mit freundlichen Gr\u00fc\u00dfen<\/p>\n\n\n\n<p>Micha<\/p>\n\n\n\n<p><\/p>\n\n\n\n<hr class=\"wp-block-separator has-css-opacity is-style-wide\"\/>\n\n\n\n<h1 class=\"has-text-align-center wp-block-heading\" id=\"home-bilder-ablauf-uber-uns-impressum\"><strong><mark style=\"background-color:rgba(0, 0, 0, 0);color:#e56c1b\" class=\"has-inline-color\"><a href=\"http:\/\/Tattoo-go.de\">Home<\/a><\/mark><\/strong> | <mark style=\"background-color:rgba(0, 0, 0, 0);color:#e56c1b\" class=\"has-inline-color\"><strong><a href=\"https:\/\/tattoo-go.de\/?page_id=27\">Bilder<\/a><\/strong><\/mark> | <strong><mark style=\"background-color:rgba(0, 0, 0, 0);color:#e56c1b\" class=\"has-inline-color\"><a href=\"https:\/\/tattoo-go.de\/?page_id=29\">Ablauf<\/a><\/mark><\/strong> | <mark style=\"background-color:rgba(0, 0, 0, 0);color:#e56c1b\" class=\"has-inline-color\"><strong><a href=\"https:\/\/tattoo-go.de\/?page_id=92\">\u00dcber Uns<\/a><\/strong><\/mark> | <mark style=\"background-color:rgba(0, 0, 0, 0);color:#e56c1b\" class=\"has-inline-color\"><strong><a href=\"https:\/\/tattoo-go.de\/?page_id=83\">Impressum<\/a><\/strong><\/mark><\/h1>\n\n\n\n<h1 class=\"has-text-align-center wp-block-heading\" id=\"datenschutzerklarung\"><strong><a href=\"https:\/\/tattoo-go.de\/?page_id=3\">Datenschutzerkl\u00e4rung<\/a><\/strong><\/h1>\n","protected":false},"excerpt":{"rendered":"<p>T\u00e4towierer Micha Seit 2014 arbeite ich als T\u00e4towierer. Zu dem Tattoo-Beruf habe ich eine abgeschlossene Ausbildung als Grafiker &#8211; Schwerpunkt Menschen und Portr\u00e4ts, daher sind sogar die kompliziertesten Tattoos f\u00fcr mich ein Kinderspiel. Eine individuelle Skizze mit meinem Style oder &hellip; <a href=\"https:\/\/tattoo-go.de\/?page_id=92\">Weiterlesen <span class=\"meta-nav\">&rarr;<\/span><\/a><\/p>\n","protected":false},"author":1,"featured_media":0,"parent":0,"menu_order":0,"comment_status":"closed","ping_status":"closed","template":"","meta":{"footnotes":""},"class_list":["post-92","page","type-page","status-publish","hentry"],"_links":{"self":[{"href":"https:\/\/tattoo-go.de\/index.php?rest_route=\/wp\/v2\/pages\/92","targetHints":{"allow":["GET"]}}],"collection":[{"href":"https:\/\/tattoo-go.de\/index.php?rest_route=\/wp\/v2\/pages"}],"about":[{"href":"https:\/\/tattoo-go.de\/index.php?rest_route=\/wp\/v2\/types\/page"}],"author":[{"embeddable":true,"href":"https:\/\/tattoo-go.de\/index.php?rest_route=\/wp\/v2\/users\/1"}],"replies":[{"embeddable":true,"href":"https:\/\/tattoo-go.de\/index.php?rest_route=%2Fwp%2Fv2%2Fcomments&post=92"}],"version-history":[{"count":10,"href":"https:\/\/tattoo-go.de\/index.php?rest_route=\/wp\/v2\/pages\/92\/revisions"}],"predecessor-version":[{"id":272,"href":"https:\/\/tattoo-go.de\/index.php?rest_route=\/wp\/v2\/pages\/92\/revisions\/272"}],"wp:attachment":[{"href":"https:\/\/tattoo-go.de\/index.php?rest_route=%2Fwp%2Fv2%2Fmedia&parent=92"}],"curies":[{"name":"wp","href":"https:\/\/api.w.org\/{rel}","templated":true}]}}