{"id":87,"date":"2021-03-26T08:45:43","date_gmt":"2021-03-26T07:45:43","guid":{"rendered":"http:\/\/532983.test-my-website.de\/?page_id=87"},"modified":"2025-07-08T00:40:22","modified_gmt":"2025-07-07T22:40:22","slug":"home","status":"publish","type":"page","link":"https:\/\/tattoo-go.de\/","title":{"rendered":"Willkommen du bist hier RICHTIG!"},"content":{"rendered":"\n<figure class=\"wp-block-image size-large\"><img loading=\"lazy\" decoding=\"async\" width=\"527\" height=\"1024\" src=\"https:\/\/tattoo-go.de\/wp-content\/uploads\/2021\/03\/9f37b315-67e9-4735-8b0e-2fcb888e3214-527x1024.jpg\" alt=\"\" class=\"wp-image-162\" srcset=\"https:\/\/tattoo-go.de\/wp-content\/uploads\/2021\/03\/9f37b315-67e9-4735-8b0e-2fcb888e3214-527x1024.jpg 527w, https:\/\/tattoo-go.de\/wp-content\/uploads\/2021\/03\/9f37b315-67e9-4735-8b0e-2fcb888e3214-154x300.jpg 154w, https:\/\/tattoo-go.de\/wp-content\/uploads\/2021\/03\/9f37b315-67e9-4735-8b0e-2fcb888e3214-768x1493.jpg 768w, https:\/\/tattoo-go.de\/wp-content\/uploads\/2021\/03\/9f37b315-67e9-4735-8b0e-2fcb888e3214-790x1536.jpg 790w, https:\/\/tattoo-go.de\/wp-content\/uploads\/2021\/03\/9f37b315-67e9-4735-8b0e-2fcb888e3214.jpg 823w\" sizes=\"auto, (max-width: 527px) 100vw, 527px\" \/><\/figure>\n\n\n\n<p><strong>Wir sind ein Mobiles Tattoo Studio<\/strong><\/p>\n\n\n\n<ul class=\"wp-block-list\">\n<li>Hast du keine Zeit wegen der Arbeit oder Familie zum Tattoo-Studio zu gehen?<\/li>\n\n\n\n<li>Hast du Angst von mehreren t\u00e4towierten gro\u00dfen und gruseligen Typen umgeben zu sein?<\/li>\n\n\n\n<li>Du f\u00fchlst dich nur gut in deiner gewohnte Umgebung?<\/li>\n\n\n\n<li>Oder du willst einfach deinen Keller nicht verlassen?<\/li>\n<\/ul>\n\n\n\n<p><mark style=\"background-color:rgba(0, 0, 0, 0);color:#a32300\" class=\"has-inline-color\">Dann bist du bei uns richtig!<\/mark><\/p>\n\n\n\n<hr class=\"wp-block-separator has-css-opacity is-style-wide\"\/>\n\n\n\n<p><strong>Wie l\u00e4uft es ab?<\/strong><\/p>\n\n\n\n<p>Wir sind spezialisier auf Mobilit\u00e4t, daher kannst du uns zu dir bestehlen und dein Tattoo wird selbst verst\u00e4ndlich auch bei dir Zuhause unter str\u00e4ngen Hygienischen Bedingungen durchgef\u00fchrt. Oder du kannst auch zu Uns kommen ins Studio.<\/p>\n\n\n\n<p><strong>Was muss ich tun?<\/strong><\/p>\n\n\n\n<p>Schreibe uns per WhatsApp oder ruf uns an. <strong><a href=\"http:\/\/532983.test-my-website.de\/?page_id=29\" data-type=\"page\" data-id=\"29\">Und klick hier drauf um mehr zu erfahren.<\/a><\/strong><\/p>\n\n\n\n<p>Nenne uns deinen Wunsch, vielleicht hast du ein Beispielbild?<\/p>\n\n\n\n<p>Schreibe deine richtige Adresse und vollst\u00e4ndigen Namen.<\/p>\n\n\n\n<p>Nachdem du uns das geschrieben hast, wird dir ein Preisvorschlag gemacht. Wenn du mit dem Preis zufrieden bist, machen wir einen Termin aus.<\/p>\n\n\n\n<p><em>Der Termin wird ohne vollst\u00e4ndigen Namen und deine Adresse nicht vergeben!<\/em><\/p>\n\n\n\n<hr class=\"wp-block-separator has-css-opacity is-style-wide\"\/>\n\n\n\n<figure class=\"wp-block-image size-full\"><a href=\"https:\/\/tattoo-go.de\/?page_id=291\"><img loading=\"lazy\" decoding=\"async\" width=\"300\" height=\"169\" src=\"https:\/\/tattoo-go.de\/wp-content\/uploads\/2022\/08\/Unbenannt-5.gif\" alt=\"\" class=\"wp-image-318\"\/><\/a><\/figure>\n\n\n\n<hr class=\"wp-block-separator has-css-opacity is-style-wide\"\/>\n\n\n\n<p><strong>Tattoo Entscheidung<\/strong><\/p>\n\n\n\n<p>Ein Tattoo muss gut \u00fcberlegt sein, es bleibt schlie\u00dflich dein ganzes Leben lang.<\/p>\n\n\n\n<figure class=\"wp-block-image size-full\"><img loading=\"lazy\" decoding=\"async\" width=\"800\" height=\"713\" src=\"https:\/\/tattoo-go.de\/wp-content\/uploads\/2021\/03\/schmerzdommi-Weiss.png\" alt=\"\" class=\"wp-image-168\" srcset=\"https:\/\/tattoo-go.de\/wp-content\/uploads\/2021\/03\/schmerzdommi-Weiss.png 800w, https:\/\/tattoo-go.de\/wp-content\/uploads\/2021\/03\/schmerzdommi-Weiss-300x267.png 300w, https:\/\/tattoo-go.de\/wp-content\/uploads\/2021\/03\/schmerzdommi-Weiss-768x684.png 768w, https:\/\/tattoo-go.de\/wp-content\/uploads\/2021\/03\/schmerzdommi-Weiss-337x300.png 337w\" sizes=\"auto, (max-width: 800px) 100vw, 800px\" \/><\/figure>\n\n\n\n<p>Auf dem Bild kannst du sehen wie schmerzhaft es je nach K\u00f6rperregion ist. Diese Schmerzempfindungs-Abbildung ist von mir erstellt und beruht auf meinen eigenen Erfahrungen.<\/p>\n\n\n\n<p>Ich appelliere an die Kunden &#8211; macht kein Namens-Tattoo von eurem Parnter\/in. Ich muss es dann nach einiger Zeit covern&#8230;. \ud83d\ude09<\/p>\n\n\n\n<p>Und Sterne sind das Arschgeweih 2020&#8230;<\/p>\n\n\n\n<hr class=\"wp-block-separator has-css-opacity is-style-wide\"\/>\n\n\n\n<p><strong>Kontakt<\/strong><\/p>\n\n\n\n<p>Telefon: 0151 53208205<\/p>\n\n\n\n<p>E-mail: mb-firma@gmx.de<\/p>\n\n\n\n<p>Standort: Friedrichstra\u00dfe 51, 06343 Mansfeld<\/p>\n\n\n\n<p><strong>\u00d6ffnungszeiten<\/strong><\/p>\n\n\n\n<p>Mo-Fr 13-19 Uhr<\/p>\n\n\n\n<p><strong>Terminvergabe<\/strong><\/p>\n\n\n\n<p>Ab 15-22 Uhr<\/p>\n\n\n\n<p>Du kannst uns noch um 22 uhr nach der Arbeit zu dir bestellen<\/p>\n\n\n\n<hr class=\"wp-block-separator has-css-opacity is-style-wide\"\/>\n\n\n\n<h1 class=\"wp-block-heading has-text-align-center\" id=\"home-bilder-ablauf-uber-uns-impressum\"><strong><mark style=\"background-color:rgba(0, 0, 0, 0);color:#e56c1b\" class=\"has-inline-color\"><a href=\"http:\/\/Tattoo-go.de\">Home<\/a><\/mark><\/strong> | <mark style=\"background-color:rgba(0, 0, 0, 0);color:#e56c1b\" class=\"has-inline-color\"><strong><a href=\"https:\/\/tattoo-go.de\/?page_id=27\">Bilder<\/a><\/strong><\/mark> | <strong><mark style=\"background-color:rgba(0, 0, 0, 0);color:#e56c1b\" class=\"has-inline-color\"><a href=\"https:\/\/tattoo-go.de\/?page_id=29\">Ablauf<\/a><\/mark><\/strong> | <mark style=\"background-color:rgba(0, 0, 0, 0);color:#e56c1b\" class=\"has-inline-color\"><strong><a href=\"https:\/\/tattoo-go.de\/?page_id=92\">\u00dcber Uns<\/a><\/strong><\/mark> | <mark style=\"background-color:rgba(0, 0, 0, 0);color:#e56c1b\" class=\"has-inline-color\"><strong><a href=\"https:\/\/tattoo-go.de\/?page_id=83\">Impressum<\/a><\/strong><\/mark><\/h1>\n\n\n\n<h1 class=\"wp-block-heading has-text-align-center\" id=\"datenschutzerklarung\"><strong><a href=\"https:\/\/tattoo-go.de\/?page_id=3\">Datenschutzerkl\u00e4rung<\/a><\/strong><\/h1>\n\n\n\n<p><\/p>\n","protected":false},"excerpt":{"rendered":"<p>Wir sind ein Mobiles Tattoo Studio Dann bist du bei uns richtig! Wie l\u00e4uft es ab? Wir sind spezialisier auf Mobilit\u00e4t, daher kannst du uns zu dir bestehlen und dein Tattoo wird selbst verst\u00e4ndlich auch bei dir Zuhause unter str\u00e4ngen &hellip; <a href=\"https:\/\/tattoo-go.de\/\">Weiterlesen <span class=\"meta-nav\">&rarr;<\/span><\/a><\/p>\n","protected":false},"author":1,"featured_media":0,"parent":0,"menu_order":0,"comment_status":"closed","ping_status":"closed","template":"","meta":{"footnotes":""},"class_list":["post-87","page","type-page","status-publish","hentry"],"_links":{"self":[{"href":"https:\/\/tattoo-go.de\/index.php?rest_route=\/wp\/v2\/pages\/87","targetHints":{"allow":["GET"]}}],"collection":[{"href":"https:\/\/tattoo-go.de\/index.php?rest_route=\/wp\/v2\/pages"}],"about":[{"href":"https:\/\/tattoo-go.de\/index.php?rest_route=\/wp\/v2\/types\/page"}],"author":[{"embeddable":true,"href":"https:\/\/tattoo-go.de\/index.php?rest_route=\/wp\/v2\/users\/1"}],"replies":[{"embeddable":true,"href":"https:\/\/tattoo-go.de\/index.php?rest_route=%2Fwp%2Fv2%2Fcomments&post=87"}],"version-history":[{"count":30,"href":"https:\/\/tattoo-go.de\/index.php?rest_route=\/wp\/v2\/pages\/87\/revisions"}],"predecessor-version":[{"id":407,"href":"https:\/\/tattoo-go.de\/index.php?rest_route=\/wp\/v2\/pages\/87\/revisions\/407"}],"wp:attachment":[{"href":"https:\/\/tattoo-go.de\/index.php?rest_route=%2Fwp%2Fv2%2Fmedia&parent=87"}],"curies":[{"name":"wp","href":"https:\/\/api.w.org\/{rel}","templated":true}]}}