{"id":83,"date":"2021-03-26T08:36:59","date_gmt":"2021-03-26T07:36:59","guid":{"rendered":"http:\/\/532983.test-my-website.de\/?page_id=83"},"modified":"2025-07-08T00:41:24","modified_gmt":"2025-07-07T22:41:24","slug":"impressum","status":"publish","type":"page","link":"https:\/\/tattoo-go.de\/?page_id=83","title":{"rendered":"Impressum"},"content":{"rendered":"\n<p>Verantwortlich:<\/p>\n\n\n\n<p>Verantwortlichen f\u00fcr die Webseiten-Inhalte Inh. Michael Walter, Friedrichstra\u00dfe 51, 06343 Mansfeld<\/p>\n\n\n\n<p>Kontakt: Angaben gem\u00e4\u00df \u00a7 5 TMG<\/p>\n\n\n\n<p>Telefon: 0151 53208205<\/p>\n\n\n\n<p>E-mail: mb-firma@gmx.de<\/p>\n\n\n\n<p>Anschrift:<\/p>\n\n\n\n<p>TattooGo<\/p>\n\n\n\n<p>Inh. Michael Walter<\/p>\n\n\n\n<p>Friedrichstra\u00dfe 51<\/p>\n\n\n\n<p>06343 Mansfeld<\/p>\n\n\n\n<p>Steuer-Nr.: 117\/5401\/2911<\/p>\n\n\n\n<p>Gem\u00e4\u00df \u00a7 19 Abs. 1 UStG wird keine Umsatzsteuer ausgewiesen.<\/p>\n\n\n\n<hr class=\"wp-block-separator has-css-opacity is-style-wide\"\/>\n\n\n\n<h1 class=\"wp-block-heading has-text-align-center\" id=\"home-bilder-ablauf-uber-uns-impressum\"><strong><mark style=\"background-color:rgba(0, 0, 0, 0);color:#e56c1b\" class=\"has-inline-color\"><a href=\"http:\/\/Tattoo-go.de\">Home<\/a><\/mark><\/strong> | <mark style=\"background-color:rgba(0, 0, 0, 0);color:#e56c1b\" class=\"has-inline-color\"><strong><a href=\"https:\/\/tattoo-go.de\/?page_id=27\">Bilder<\/a><\/strong><\/mark> | <strong><mark style=\"background-color:rgba(0, 0, 0, 0);color:#e56c1b\" class=\"has-inline-color\"><a href=\"https:\/\/tattoo-go.de\/?page_id=29\">Ablauf<\/a><\/mark><\/strong> | <mark style=\"background-color:rgba(0, 0, 0, 0);color:#e56c1b\" class=\"has-inline-color\"><strong><a href=\"https:\/\/tattoo-go.de\/?page_id=92\">\u00dcber Uns<\/a><\/strong><\/mark> | <mark style=\"background-color:rgba(0, 0, 0, 0);color:#e56c1b\" class=\"has-inline-color\"><strong><a href=\"https:\/\/tattoo-go.de\/?page_id=83\">Impressum<\/a><\/strong><\/mark><\/h1>\n\n\n\n<h1 class=\"wp-block-heading has-text-align-center\" id=\"datenschutzerklarung\"><strong><a href=\"https:\/\/tattoo-go.de\/?page_id=3\">Datenschutzerkl\u00e4rung<\/a><\/strong><\/h1>\n","protected":false},"excerpt":{"rendered":"<p>Verantwortlich: Verantwortlichen f\u00fcr die Webseiten-Inhalte Inh. Michael Walter, Friedrichstra\u00dfe 51, 06343 Mansfeld Kontakt: Angaben gem\u00e4\u00df \u00a7 5 TMG Telefon: 0151 53208205 E-mail: mb-firma@gmx.de Anschrift: TattooGo Inh. Michael Walter Friedrichstra\u00dfe 51 06343 Mansfeld Steuer-Nr.: 117\/5401\/2911 Gem\u00e4\u00df \u00a7 19 Abs. 1 UStG &hellip; <a href=\"https:\/\/tattoo-go.de\/?page_id=83\">Weiterlesen <span class=\"meta-nav\">&rarr;<\/span><\/a><\/p>\n","protected":false},"author":1,"featured_media":0,"parent":0,"menu_order":0,"comment_status":"closed","ping_status":"closed","template":"","meta":{"footnotes":""},"class_list":["post-83","page","type-page","status-publish","hentry"],"_links":{"self":[{"href":"https:\/\/tattoo-go.de\/index.php?rest_route=\/wp\/v2\/pages\/83","targetHints":{"allow":["GET"]}}],"collection":[{"href":"https:\/\/tattoo-go.de\/index.php?rest_route=\/wp\/v2\/pages"}],"about":[{"href":"https:\/\/tattoo-go.de\/index.php?rest_route=\/wp\/v2\/types\/page"}],"author":[{"embeddable":true,"href":"https:\/\/tattoo-go.de\/index.php?rest_route=\/wp\/v2\/users\/1"}],"replies":[{"embeddable":true,"href":"https:\/\/tattoo-go.de\/index.php?rest_route=%2Fwp%2Fv2%2Fcomments&post=83"}],"version-history":[{"count":7,"href":"https:\/\/tattoo-go.de\/index.php?rest_route=\/wp\/v2\/pages\/83\/revisions"}],"predecessor-version":[{"id":408,"href":"https:\/\/tattoo-go.de\/index.php?rest_route=\/wp\/v2\/pages\/83\/revisions\/408"}],"wp:attachment":[{"href":"https:\/\/tattoo-go.de\/index.php?rest_route=%2Fwp%2Fv2%2Fmedia&parent=83"}],"curies":[{"name":"wp","href":"https:\/\/api.w.org\/{rel}","templated":true}]}}