{"id":325,"date":"2022-08-10T05:48:37","date_gmt":"2022-08-10T03:48:37","guid":{"rendered":"https:\/\/tattoo-go.de\/?page_id=325"},"modified":"2022-08-20T00:31:05","modified_gmt":"2022-08-19T22:31:05","slug":"100e-aktion","status":"publish","type":"page","link":"https:\/\/tattoo-go.de\/?page_id=325","title":{"rendered":"100\u20ac Aktion"},"content":{"rendered":"\n<figure class=\"wp-block-image size-full\"><a href=\"https:\/\/tattoo-go.de\/wp-content\/uploads\/2022\/08\/Unbenannt-4.jpg\"><img loading=\"lazy\" decoding=\"async\" width=\"1000\" height=\"500\" src=\"https:\/\/tattoo-go.de\/wp-content\/uploads\/2022\/08\/Unbenannt-4.jpg\" alt=\"\" class=\"wp-image-296\" srcset=\"https:\/\/tattoo-go.de\/wp-content\/uploads\/2022\/08\/Unbenannt-4.jpg 1000w, https:\/\/tattoo-go.de\/wp-content\/uploads\/2022\/08\/Unbenannt-4-300x150.jpg 300w, https:\/\/tattoo-go.de\/wp-content\/uploads\/2022\/08\/Unbenannt-4-768x384.jpg 768w, https:\/\/tattoo-go.de\/wp-content\/uploads\/2022\/08\/Unbenannt-4-500x250.jpg 500w\" sizes=\"auto, (max-width: 1000px) 100vw, 1000px\" \/><\/a><\/figure>\n\n\n\n<h2 class=\"wp-block-heading\">Beschreibung<\/h2>\n\n\n\n<p id=\"viewad-description-text\">\u26a0\ufe0fLese durch bevor du schreibst.<br><br>\u26a0\ufe0fWir sind ein Mobiles-Tattoo Studio.<br><br>\u26a0\ufe0fDie Anfahrtspauschale kommt immer dazu.<br><br>Aktion : 100\u20ac Aktion<br><br>Aktuelles Angebot: 4 Bilder<br><br>H\u00f6he: zwischen 15-25 cm<br><br>Farbe: Schwartz<br><br>Aktueller Preis: 100\u20ac<br><br>Sitzungen: 1-2 je wie Kunde aush\u00e4lt.<br><br>\u26a0\ufe0fTermine werden ausschlie\u00dflich \u00fcber WhatsApp oder Telefonisch vergeben nicht \u00fcber Email Tel.\/WhatsApp 01515 3208205<br><br>Hallo liebe Tattoo-Junkies eine neue Aktion von uns wird dir sicherlich gefallen zu unschlagbaren Preis. Aus den Bildern kannst du dir eins aussuchen das Bild wird nur ein mal gestochen und kostet ohne Anfahrtspauschale nur 100 Euro. Jeden Monat gibt es eine neue Aktion also vergiss uns nicht.<br><br>Die aktuellen Bilder werden nur ausschlie\u00dflich gestochen, keine andere. Keine Farb- oder Muster \u00c4nderungen au\u00dfer Ich m\u00f6chte es. Wenn du etwas anders m\u00f6chtest kannst du es gerne bei uns au\u00dferhalb der Aktion bestellen.<br><br>\u26a0\ufe0fDas Muster kommt nicht auf die Rippen, Pobacke oder Bauch .<br><br>\u26a0\ufe0fF\u00fcr das Muster muss eine FREIE FL\u00c4CHE vorhanden sein. Ich t\u00e4towiere es nicht rein in ein bestehendes Tattoo, genau so wie t\u00e4towiere ich es nicht drum herum und ich mache keine Verbindung mit dem bestehenden Tattoo. Die Verbindung mache ich nur f\u00fcr Aufpreis.<br><br>\u26a0\ufe0fOhne vollst\u00e4ndigen Namen und Adresse kein Termin.<br><br>Schreib mir in WhatsApp: 01515 3208205<\/p>\n\n\n\n<p><\/p>\n\n\n\n<hr class=\"wp-block-separator has-css-opacity is-style-wide\"\/>\n\n\n\n<h1 class=\"has-text-align-center wp-block-heading\" id=\"home-bilder-ablauf-uber-uns-impressum\"><strong><mark style=\"background-color:rgba(0, 0, 0, 0);color:#e56c1b\" class=\"has-inline-color\"><a href=\"http:\/\/Tattoo-go.de\">Home<\/a><\/mark><\/strong> | <mark style=\"background-color:rgba(0, 0, 0, 0);color:#e56c1b\" class=\"has-inline-color\"><strong><a href=\"https:\/\/tattoo-go.de\/?page_id=27\">Bilder<\/a><\/strong><\/mark> | <strong><mark style=\"background-color:rgba(0, 0, 0, 0);color:#e56c1b\" class=\"has-inline-color\"><a href=\"https:\/\/tattoo-go.de\/?page_id=29\">Ablauf<\/a><\/mark><\/strong> | <mark style=\"background-color:rgba(0, 0, 0, 0);color:#e56c1b\" class=\"has-inline-color\"><strong><a href=\"https:\/\/tattoo-go.de\/?page_id=92\">\u00dcber Uns<\/a><\/strong><\/mark> | <mark style=\"background-color:rgba(0, 0, 0, 0);color:#e56c1b\" class=\"has-inline-color\"><strong><a href=\"https:\/\/tattoo-go.de\/?page_id=83\">Impressum<\/a><\/strong><\/mark><\/h1>\n\n\n\n<h1 class=\"has-text-align-center wp-block-heading\" id=\"datenschutzerklarung\"><strong><a href=\"https:\/\/tattoo-go.de\/?page_id=3\">Datenschutzerkl\u00e4rung<\/a><\/strong><\/h1>\n","protected":false},"excerpt":{"rendered":"<p>Beschreibung \u26a0\ufe0fLese durch bevor du schreibst. \u26a0\ufe0fWir sind ein Mobiles-Tattoo Studio. \u26a0\ufe0fDie Anfahrtspauschale kommt immer dazu. Aktion : 100\u20ac Aktion Aktuelles Angebot: 4 Bilder H\u00f6he: zwischen 15-25 cm Farbe: Schwartz Aktueller Preis: 100\u20ac Sitzungen: 1-2 je wie Kunde aush\u00e4lt. \u26a0\ufe0fTermine &hellip; <a href=\"https:\/\/tattoo-go.de\/?page_id=325\">Weiterlesen <span class=\"meta-nav\">&rarr;<\/span><\/a><\/p>\n","protected":false},"author":1,"featured_media":0,"parent":0,"menu_order":0,"comment_status":"closed","ping_status":"closed","template":"","meta":{"footnotes":""},"class_list":["post-325","page","type-page","status-publish","hentry"],"_links":{"self":[{"href":"https:\/\/tattoo-go.de\/index.php?rest_route=\/wp\/v2\/pages\/325","targetHints":{"allow":["GET"]}}],"collection":[{"href":"https:\/\/tattoo-go.de\/index.php?rest_route=\/wp\/v2\/pages"}],"about":[{"href":"https:\/\/tattoo-go.de\/index.php?rest_route=\/wp\/v2\/types\/page"}],"author":[{"embeddable":true,"href":"https:\/\/tattoo-go.de\/index.php?rest_route=\/wp\/v2\/users\/1"}],"replies":[{"embeddable":true,"href":"https:\/\/tattoo-go.de\/index.php?rest_route=%2Fwp%2Fv2%2Fcomments&post=325"}],"version-history":[{"count":3,"href":"https:\/\/tattoo-go.de\/index.php?rest_route=\/wp\/v2\/pages\/325\/revisions"}],"predecessor-version":[{"id":346,"href":"https:\/\/tattoo-go.de\/index.php?rest_route=\/wp\/v2\/pages\/325\/revisions\/346"}],"wp:attachment":[{"href":"https:\/\/tattoo-go.de\/index.php?rest_route=%2Fwp%2Fv2%2Fmedia&parent=325"}],"curies":[{"name":"wp","href":"https:\/\/api.w.org\/{rel}","templated":true}]}}