{"id":298,"date":"2022-08-10T04:27:57","date_gmt":"2022-08-10T02:27:57","guid":{"rendered":"https:\/\/tattoo-go.de\/?page_id=298"},"modified":"2022-08-10T05:38:45","modified_gmt":"2022-08-10T03:38:45","slug":"coverup-aktion","status":"publish","type":"page","link":"https:\/\/tattoo-go.de\/?page_id=298","title":{"rendered":"CoverUp Aktion"},"content":{"rendered":"\n<figure class=\"wp-block-image size-full\"><img loading=\"lazy\" decoding=\"async\" width=\"300\" height=\"317\" src=\"https:\/\/tattoo-go.de\/wp-content\/uploads\/2022\/08\/IMG_20201011_184013.gif\" alt=\"\" class=\"wp-image-302\"\/><\/figure>\n\n\n\n<p>\u26a0\ufe0fLese durch bevor du schreibst.<\/p>\n\n\n\n<p>Ja ist kein Witz es wird ein professionelles Cover-Up Verschenkt was 400-800\u20ac wert ist nur f\u00fcr Hygiene Artikel musst du leider aufkommen (50\u20ac).<\/p>\n\n\n\n<p>Das Cover-Up kommt dann mit deiner Geschichte auf die Homepage.<\/p>\n\n\n\n<p>Bewerbe dich f\u00fcr ein Cover-Up hier <strong>mb-firma@gmx.de<\/strong><\/p>\n\n\n\n<p><strong>Das muss in die Bewerbung rein!<\/strong><br><br>Bewerbungs-aussehen:<\/p>\n\n\n\n<p><strong>1 &#8211; Vollst\u00e4ndiges Name und Adresse<br>2 &#8211; Anschreiben \/ Geschichte \/ Hintergrund<br>3 &#8211; Cover-Up Genre<br>4 &#8211; Bild im Anhang<br>5 &#8211; genaue Gr\u00f6\u00dfe in cm Breite und H\u00f6he<\/strong><\/p>\n\n\n\n<p>Du bekommst eine Best\u00e4tigungs Email wenn wir deine Bewerbung erhalten haben. Bitte nicht mit Nachrichten spamen, ruf deswegen nicht an es verbessert deine Chancen nicht!<\/p>\n\n\n\n<p>Puuh jetzt weiter im Text<\/p>\n\n\n\n<p>\u26a0\ufe0f<strong>Wir sind ein Mobiles-Tattoo Studio.<\/strong><\/p>\n\n\n\n<p>\u26a0\ufe0f<strong>Die Anfahrtspauschale kommt immer dazu.<br>(Krefeld 15\u20ac, au\u00dferhalb nach Tarif).<\/strong><\/p>\n\n\n\n<p>Aktion : Cover-Up<\/p>\n\n\n\n<p>Preis: Die Arbeit ist Umsonst<\/p>\n\n\n\n<p>Sitzungen: 1-2 je wie Kunde aush\u00e4lt.<\/p>\n\n\n\n<p>\u26a0\ufe0fOb dein Cover-Up gestochen wird oder nicht wird es \u00fcber deine Hintergrunds Geschichte und das aussehen des Bildes entscheiden und ob ich nat\u00fcrlich darauf Bock habe noch dazu. <strong>Zu spamen bringt nichts.<\/strong><\/p>\n\n\n\n<p>Bewerbungen werden nur \u00fcber Email angenommen <strong>mb-firma@gmx.de<\/strong><\/p>\n\n\n\n<p>Hallo liebe Tattoo-Junkies eine neue Aktion von uns wird dir sicherlich gefallen zu unschlagbaren Preis es ist n\u00e4mlich quasi umsonst. Nur lediglich f\u00fcr die Anfahrtspauschale und f\u00fcr die Hygiene Artikel musst du aufkommen, Jeden Monat gibt es eine neue Aktion, also vergiss uns nicht zu folgen.<\/p>\n\n\n\n<p>Schreib mir eine Bewerbung: z.b etwas \u00fcber dich und aus welchen Grund du das Tattoo hast und warum du es unbedingt weg haben m\u00f6chtest. Mach dann ein unverwakeltes Bild von dem versauten Bild (frontal) Messe es ab in cm und schick es mir per Mail<\/p>\n\n\n\n<p>Da das Cover-Up sehr komplizierte Sache ist kann man nicht mit X beliebigen Bild dein Tattoo covern nach dem Motto: ich m\u00f6chte mit diesem Bild das da gecovert haben.. . Es geht so nicht. Au\u00dfer es ist ein kleines Popel Tattoo oder was komplett verblasst ist und kaum noch sichtbar.<\/p>\n\n\n\n<p>Jedes Cover up wird von mir pers\u00f6nlich individuell gezeichnet das es zu 100% zu deinem versauten Tattoo Passt. Also daher hast du mehrere Genre zum Auswahl schreibe dazu welche du gerne haben m\u00f6chtest 4 stehen zu Auswahl:<\/p>\n\n\n\n<p><strong>\u25aa\ufe0f Steampunk<\/strong><br>ein Subgenre der Science-Fiction , das retrofuturistische Technologie und \u00c4sthetik beinhaltet, die von industriellen Dampfmaschinen des 19. Jahrhunderts inspiriert wurden . Steampunk-Werke spielen oft in einer alternativen Geschichte der viktorianischen \u00c4ra oder des amerikanischen \u201eWilden Westens\u201c , wo Dampfkraft im Mainstream-Gebrauch bleibt, oder in einer Fantasiewelt, die \u00e4hnlich Dampfkraft einsetzt.<\/p>\n\n\n\n<p><strong>\u25aa\ufe0f M\u00e4rchen<\/strong><br>Alles was fantasy ist: Elfen, Schmetterlinge, ranken, k\u00f6nnen auch ber\u00fchmte Charaktere sein aus Disney oder Anime<\/p>\n\n\n\n<p><strong>\u25aa\ufe0f Horror<\/strong><br>Blut Ged\u00e4rme, aufgeplatzte Haut, Schnittwunden, und anderes grusel Zeug wie zb Clowns<\/p>\n\n\n\n<p><strong>\u25aa\ufe0f Aliens<\/strong><br>Alles was nicht irdisch aussieht. Alien Pflanzen, Tiere Kosmos, und anderes FanFiction Kram.<\/p>\n\n\n\n<p>Da es leider zu viele schwarze Schafe gibt wird der Termin nur gegen Kaution vergeben (100\u20ac) keine Lust auf vers\u00e4umte Termine wo ich meine zeit und Arbeit in das Bild reinstecke und dann es nicht gew\u00fcrdigt wird.<\/p>\n\n\n\n<p><\/p>\n\n\n\n<hr class=\"wp-block-separator has-css-opacity is-style-wide\"\/>\n\n\n\n<h1 class=\"has-text-align-center wp-block-heading\" id=\"home-bilder-ablauf-uber-uns-impressum\"><strong><mark style=\"background-color:rgba(0, 0, 0, 0);color:#e56c1b\" class=\"has-inline-color\"><a href=\"http:\/\/Tattoo-go.de\">Home<\/a><\/mark><\/strong> | <mark style=\"background-color:rgba(0, 0, 0, 0);color:#e56c1b\" class=\"has-inline-color\"><strong><a href=\"https:\/\/tattoo-go.de\/?page_id=27\">Bilder<\/a><\/strong><\/mark> | <strong><mark style=\"background-color:rgba(0, 0, 0, 0);color:#e56c1b\" class=\"has-inline-color\"><a href=\"https:\/\/tattoo-go.de\/?page_id=29\">Ablauf<\/a><\/mark><\/strong> | <mark style=\"background-color:rgba(0, 0, 0, 0);color:#e56c1b\" class=\"has-inline-color\"><strong><a href=\"https:\/\/tattoo-go.de\/?page_id=92\">\u00dcber Uns<\/a><\/strong><\/mark> | <mark style=\"background-color:rgba(0, 0, 0, 0);color:#e56c1b\" class=\"has-inline-color\"><strong><a href=\"https:\/\/tattoo-go.de\/?page_id=83\">Impressum<\/a><\/strong><\/mark><\/h1>\n\n\n\n<h1 class=\"has-text-align-center wp-block-heading\" id=\"datenschutzerklarung\"><strong><a href=\"https:\/\/tattoo-go.de\/?page_id=3\">Datenschutzerkl\u00e4rung<\/a><\/strong><\/h1>\n","protected":false},"excerpt":{"rendered":"<p>\u26a0\ufe0fLese durch bevor du schreibst. Ja ist kein Witz es wird ein professionelles Cover-Up Verschenkt was 400-800\u20ac wert ist nur f\u00fcr Hygiene Artikel musst du leider aufkommen (50\u20ac). Das Cover-Up kommt dann mit deiner Geschichte auf die Homepage. Bewerbe dich &hellip; <a href=\"https:\/\/tattoo-go.de\/?page_id=298\">Weiterlesen <span class=\"meta-nav\">&rarr;<\/span><\/a><\/p>\n","protected":false},"author":1,"featured_media":0,"parent":0,"menu_order":0,"comment_status":"closed","ping_status":"closed","template":"","meta":{"footnotes":""},"class_list":["post-298","page","type-page","status-publish","hentry"],"_links":{"self":[{"href":"https:\/\/tattoo-go.de\/index.php?rest_route=\/wp\/v2\/pages\/298","targetHints":{"allow":["GET"]}}],"collection":[{"href":"https:\/\/tattoo-go.de\/index.php?rest_route=\/wp\/v2\/pages"}],"about":[{"href":"https:\/\/tattoo-go.de\/index.php?rest_route=\/wp\/v2\/types\/page"}],"author":[{"embeddable":true,"href":"https:\/\/tattoo-go.de\/index.php?rest_route=\/wp\/v2\/users\/1"}],"replies":[{"embeddable":true,"href":"https:\/\/tattoo-go.de\/index.php?rest_route=%2Fwp%2Fv2%2Fcomments&post=298"}],"version-history":[{"count":3,"href":"https:\/\/tattoo-go.de\/index.php?rest_route=\/wp\/v2\/pages\/298\/revisions"}],"predecessor-version":[{"id":322,"href":"https:\/\/tattoo-go.de\/index.php?rest_route=\/wp\/v2\/pages\/298\/revisions\/322"}],"wp:attachment":[{"href":"https:\/\/tattoo-go.de\/index.php?rest_route=%2Fwp%2Fv2%2Fmedia&parent=298"}],"curies":[{"name":"wp","href":"https:\/\/api.w.org\/{rel}","templated":true}]}}